{"id":12582,"date":"2021-09-02T13:36:15","date_gmt":"2021-09-02T04:36:15","guid":{"rendered":"https:\/\/platanosjapon.com\/?page_id=12582"},"modified":"2025-11-20T11:05:18","modified_gmt":"2025-11-20T02:05:18","slug":"sobre-nosotros","status":"publish","type":"page","link":"https:\/\/platanosjapon.com\/es\/about-us\/","title":{"rendered":"Sobre"},"content":{"rendered":"<div><iframe loading=\"lazy\" style=\"border: 0px initial initial;\" src=\"https:\/\/www.google.com\/maps\/embed?pb=!1m18!1m12!1m3!1d3242.033778524321!2d139.747135!3d35.6515394!2m3!1f0!2f0!3f0!3m2!1i1024!2i768!4f13.1!3m3!1m2!1s0x0%3A0x8fc4ab3f08ea79bd!2zMzXCsDM5JzA1LjUiTiAxMznCsDQ0JzQ5LjciRQ!5e0!3m2!1sen!2sjp!4v1644374776911!5m2!1sen!2sjp\" width=\"1100\" height=\"300\" allowfullscreen=\"allowfullscreen\"><\/iframe><\/div>\n<div>\n<div class=\"entry-content\">\n<div>\n<div><span style=\"color: #000000;\"><strong><span style=\"font-size: 110%; color: #000000;\"><span style=\"color: #ff0000;\">platanosjapon.com<\/span><\/span> <\/strong><\/span>Traemos pl\u00e1tanos frescos y productos especiales directamente de Sudam\u00e9rica y Centroam\u00e9rica a Jap\u00f3n. Surtimos a restaurantes, hoteles, resorts, clubes privados y tambi\u00e9n entregamos directamente a hogares en todo el pa\u00eds.<\/div>\n<div>\n<hr \/>\n<\/div>\n<div><strong>Company:<\/strong> Demiko International Yugen Kaisha<\/div>\n<div>\n<hr \/>\n<\/div>\n<div><strong>CEO:<\/strong> Abi Komolafe<\/div>\n<div>\n<hr \/>\n<\/div>\n<div><strong>Established:<\/strong> February 28, 2005<\/div>\n<div>\n<hr \/>\n<\/div>\n<div><strong>Business:<\/strong> Import fresh produce from South and Central America<\/div>\n<div>\n<hr \/>\n<\/div>\n<div><strong>Address:<\/strong><\/div>\n<div>\u3012105-0014<\/div>\n<div>Sunrise Shiba 2F, Shiba 3-31-6, Minato-ku, Tokyo, JAPAN<\/div>\n<div>\n<hr \/>\n<\/div>\n<div><strong>Accounting Period:<\/strong> August<\/div>\n<div>\n<hr \/>\n<\/div>\n<div><strong>Financial Institution:<\/strong> Bank of Tokyo-Mitsubishi UFJ, Japan Post Bank<\/div>\n<div>\n<hr \/>\n<\/div>\n<div><strong>Shipping Partners:<\/strong> Japan Post Office, Kuroneko Yamato<\/div>\n<div>\n<hr \/>\n<\/div>\n<div><strong>Capitalization:<\/strong> 500\u4e07\u5186<\/div>\n<div>\n<hr \/>\n<\/div>\n<div><strong>Member:<\/strong>\u00a0National Trade Facilitation body JASTPRO<\/div>\n<div>\n<hr \/>\n<\/div>\n<div><strong>Mobile:<\/strong> 070-5072-6800<\/div>\n<div><span style=\"color: #0000ff;\">(no voice call &#8211; text message and social media only)<\/span><\/div>\n<div>\n<hr \/>\n<\/div>\n<div><strong>Office:<\/strong> 03-6453-8428<\/div>\n<div>\n<hr \/>\n<\/div>\n<div><strong>Fax:<\/strong> 03-6453-7366<\/div>\n<div>\n<hr \/>\n<\/div>\n<div><strong>Business Hours:<\/strong> 10.00AM-17.00PM<\/div>\n<div>\n<hr \/>\n<\/div>\n<div><strong>Business Days:<\/strong> Monday-Friday<\/div>\n<div>\n<hr \/>\n<\/div>\n<div><strong>URL:<\/strong> <span style=\"color: #0000ff;\">https:\/\/platanosjapon.com\/<\/span><\/div>\n<div>\n<hr \/>\n<\/div>\n<\/div>\n<div>\u00a0<\/div>\n<\/div>\n<\/div>\n<div class=\"row align-middle align-center\"  id=\"row-1473903936\">\n\n\t<div id=\"col-1319081801\" class=\"col small-12 large-12\"  data-animate=\"flipInX\">\n\t\t\t\t<div class=\"col-inner\"  >\n\t\t\t\n\t\t\t\n\t<div id=\"stack-1798867077\" class=\"stack stack-row justify-center items-stretch\">\n\t\t\n\t<div class=\"img has-hover x md-x lg-x y md-y lg-y\" id=\"image_1403853662\">\n\t\t<a class=\"\" href=\"https:\/\/wa.me\/817050726800\" target=\"_blank\" rel=\"noopener\">\t\t\t\t\t\t<div class=\"img-inner dark\" >\n\t\t\t<img loading=\"lazy\" decoding=\"async\" width=\"229\" height=\"229\" src=\"https:\/\/platanosjapon.com\/wp-content\/uploads\/2024\/09\/WhatsApp229.png\" class=\"attachment-2048x2048 size-2048x2048\" alt=\"\" srcset=\"https:\/\/platanosjapon.com\/wp-content\/uploads\/2024\/09\/WhatsApp229.png 229w, https:\/\/platanosjapon.com\/wp-content\/uploads\/2024\/09\/WhatsApp229-150x150.png 150w, https:\/\/platanosjapon.com\/wp-content\/uploads\/2024\/09\/WhatsApp229-12x12.png 12w, https:\/\/platanosjapon.com\/wp-content\/uploads\/2024\/09\/WhatsApp229-100x100.png 100w\" sizes=\"auto, (max-width: 229px) 100vw, 229px\" title=\"\">\t\t\t\t\t\t\n\t\t\t\t\t<\/div>\n\t\t\t\t\t\t<\/a>\t\t\n<style>\n#image_1403853662 {\n  width: 15%;\n}\n<\/style>\n\t<\/div>\n\t\n\t<div class=\"img has-hover x md-x lg-x y md-y lg-y\" id=\"image_157095164\">\n\t\t<a class=\"\" href=\"http:\/\/m.me\/PlatanosJapon\">\t\t\t\t\t\t<div class=\"img-inner dark\" >\n\t\t\t<img loading=\"lazy\" decoding=\"async\" width=\"229\" height=\"229\" src=\"https:\/\/platanosjapon.com\/wp-content\/uploads\/2024\/09\/Messenger229.png\" class=\"attachment-2048x2048 size-2048x2048\" alt=\"\" srcset=\"https:\/\/platanosjapon.com\/wp-content\/uploads\/2024\/09\/Messenger229.png 229w, https:\/\/platanosjapon.com\/wp-content\/uploads\/2024\/09\/Messenger229-150x150.png 150w, https:\/\/platanosjapon.com\/wp-content\/uploads\/2024\/09\/Messenger229-12x12.png 12w, https:\/\/platanosjapon.com\/wp-content\/uploads\/2024\/09\/Messenger229-100x100.png 100w\" sizes=\"auto, (max-width: 229px) 100vw, 229px\" title=\"\">\t\t\t\t\t\t\n\t\t\t\t\t<\/div>\n\t\t\t\t\t\t<\/a>\t\t\n<style>\n#image_157095164 {\n  width: 15%;\n}\n<\/style>\n\t<\/div>\n\t\n\t<div class=\"img has-hover x md-x lg-x y md-y lg-y\" id=\"image_1170528606\">\n\t\t<a class=\"\" href=\"https:\/\/lin.ee\/CqdtPZU\" target=\"_blank\" rel=\"noopener\">\t\t\t\t\t\t<div class=\"img-inner dark\" >\n\t\t\t<img loading=\"lazy\" decoding=\"async\" width=\"229\" height=\"229\" src=\"https:\/\/platanosjapon.com\/wp-content\/uploads\/2024\/09\/Line229.png\" class=\"attachment-2048x2048 size-2048x2048\" alt=\"\" srcset=\"https:\/\/platanosjapon.com\/wp-content\/uploads\/2024\/09\/Line229.png 229w, https:\/\/platanosjapon.com\/wp-content\/uploads\/2024\/09\/Line229-150x150.png 150w, https:\/\/platanosjapon.com\/wp-content\/uploads\/2024\/09\/Line229-12x12.png 12w, https:\/\/platanosjapon.com\/wp-content\/uploads\/2024\/09\/Line229-100x100.png 100w\" sizes=\"auto, (max-width: 229px) 100vw, 229px\" title=\"\">\t\t\t\t\t\t\n\t\t\t\t\t<\/div>\n\t\t\t\t\t\t<\/a>\t\t\n<style>\n#image_1170528606 {\n  width: 15%;\n}\n<\/style>\n\t<\/div>\n\t\n\t<div class=\"img has-hover x md-x lg-x y md-y lg-y\" id=\"image_239427799\">\n\t\t<a class=\"\" href=\"http:\/\/t.me\/platanosjapon\">\t\t\t\t\t\t<div class=\"img-inner dark\" >\n\t\t\t<img loading=\"lazy\" decoding=\"async\" width=\"229\" height=\"229\" src=\"https:\/\/platanosjapon.com\/wp-content\/uploads\/2024\/09\/Telegram229.png\" class=\"attachment-2048x2048 size-2048x2048\" alt=\"\" srcset=\"https:\/\/platanosjapon.com\/wp-content\/uploads\/2024\/09\/Telegram229.png 229w, https:\/\/platanosjapon.com\/wp-content\/uploads\/2024\/09\/Telegram229-150x150.png 150w, https:\/\/platanosjapon.com\/wp-content\/uploads\/2024\/09\/Telegram229-12x12.png 12w, https:\/\/platanosjapon.com\/wp-content\/uploads\/2024\/09\/Telegram229-100x100.png 100w\" sizes=\"auto, (max-width: 229px) 100vw, 229px\" title=\"\">\t\t\t\t\t\t\n\t\t\t\t\t<\/div>\n\t\t\t\t\t\t<\/a>\t\t\n<style>\n#image_239427799 {\n  width: 15%;\n}\n<\/style>\n\t<\/div>\n\t\n\t<div class=\"img has-hover x md-x lg-x y md-y lg-y\" id=\"image_250248628\">\n\t\t<a class=\"\" href=\"https:\/\/ig.me\/m\/platanosjapon\" target=\"_blank\" rel=\"noopener\">\t\t\t\t\t\t<div class=\"img-inner dark\" >\n\t\t\t<img loading=\"lazy\" decoding=\"async\" width=\"229\" height=\"229\" src=\"https:\/\/platanosjapon.com\/wp-content\/uploads\/2024\/09\/Instagram229.png\" class=\"attachment-2048x2048 size-2048x2048\" alt=\"\" srcset=\"https:\/\/platanosjapon.com\/wp-content\/uploads\/2024\/09\/Instagram229.png 229w, https:\/\/platanosjapon.com\/wp-content\/uploads\/2024\/09\/Instagram229-150x150.png 150w, https:\/\/platanosjapon.com\/wp-content\/uploads\/2024\/09\/Instagram229-12x12.png 12w, https:\/\/platanosjapon.com\/wp-content\/uploads\/2024\/09\/Instagram229-100x100.png 100w\" sizes=\"auto, (max-width: 229px) 100vw, 229px\" title=\"\">\t\t\t\t\t\t\n\t\t\t\t\t<\/div>\n\t\t\t\t\t\t<\/a>\t\t\n<style>\n#image_250248628 {\n  width: 15%;\n}\n<\/style>\n\t<\/div>\n\t\n\t<div class=\"img has-hover x md-x lg-x y md-y lg-y\" id=\"image_1906535572\">\n\t\t<a class=\"\" href=\"sms:07050726800\" >\t\t\t\t\t\t<div class=\"img-inner dark\" >\n\t\t\t<img loading=\"lazy\" decoding=\"async\" width=\"229\" height=\"229\" src=\"https:\/\/platanosjapon.com\/wp-content\/uploads\/2024\/09\/sms229-1.png\" class=\"attachment-2048x2048 size-2048x2048\" alt=\"\" srcset=\"https:\/\/platanosjapon.com\/wp-content\/uploads\/2024\/09\/sms229-1.png 229w, https:\/\/platanosjapon.com\/wp-content\/uploads\/2024\/09\/sms229-1-150x150.png 150w, https:\/\/platanosjapon.com\/wp-content\/uploads\/2024\/09\/sms229-1-12x12.png 12w, https:\/\/platanosjapon.com\/wp-content\/uploads\/2024\/09\/sms229-1-100x100.png 100w\" sizes=\"auto, (max-width: 229px) 100vw, 229px\" title=\"\">\t\t\t\t\t\t\n\t\t\t\t\t<\/div>\n\t\t\t\t\t\t<\/a>\t\t\n<style>\n#image_1906535572 {\n  width: 15%;\n}\n<\/style>\n\t<\/div>\n\t\n\t\t\n<style>\n#stack-1798867077 > * {\n  --stack-gap: 0.5rem;\n}\n<\/style>\n\t<\/div>\n\t\n\t\t<\/div>\n\t\t\t\t\n<style>\n#col-1319081801 > .col-inner {\n  padding: 0px 0px 0px 0px;\n  margin: -20px 0px -25px 0px;\n}\n<\/style>\n\t<\/div>\n\n\t\n\n<style>\n#row-1473903936 > .col > .col-inner {\n  padding: 0px 0px 0px 0px;\n}\n<\/style>\n<\/div>","protected":false},"excerpt":{"rendered":"<p>platanosjapon.com is owned by Demiko International located in the city of Tokyo, Japan. We bring fresh plantains and specialty produce straight from South and Central America to Japan. We supply restaurants, hotels, resorts, private clubs \u2014 and deliver directly to homes across the country. Company: Demiko International Yugen Kaisha CEO: Abi Komolafe Established: February 28, [&#8230;]\n","protected":false},"author":1,"featured_media":0,"parent":0,"menu_order":8,"comment_status":"closed","ping_status":"closed","template":"page-blank-title-center.php","meta":{"iawp_total_views":964,"footnotes":""},"class_list":["post-12582","page","type-page","status-publish","hentry"],"_links":{"self":[{"href":"https:\/\/platanosjapon.com\/es\/wp-json\/wp\/v2\/pages\/12582","targetHints":{"allow":["GET"]}}],"collection":[{"href":"https:\/\/platanosjapon.com\/es\/wp-json\/wp\/v2\/pages"}],"about":[{"href":"https:\/\/platanosjapon.com\/es\/wp-json\/wp\/v2\/types\/page"}],"author":[{"embeddable":true,"href":"https:\/\/platanosjapon.com\/es\/wp-json\/wp\/v2\/users\/1"}],"replies":[{"embeddable":true,"href":"https:\/\/platanosjapon.com\/es\/wp-json\/wp\/v2\/comments?post=12582"}],"version-history":[{"count":58,"href":"https:\/\/platanosjapon.com\/es\/wp-json\/wp\/v2\/pages\/12582\/revisions"}],"predecessor-version":[{"id":37343,"href":"https:\/\/platanosjapon.com\/es\/wp-json\/wp\/v2\/pages\/12582\/revisions\/37343"}],"wp:attachment":[{"href":"https:\/\/platanosjapon.com\/es\/wp-json\/wp\/v2\/media?parent=12582"}],"curies":[{"name":"wp","href":"https:\/\/api.w.org\/{rel}","templated":true}]}}