{"id":31713,"date":"2023-08-09T22:06:56","date_gmt":"2023-08-09T13:06:56","guid":{"rendered":"https:\/\/platanosjapon.com\/?post_type=product&#038;p=31713"},"modified":"2026-04-19T15:18:42","modified_gmt":"2026-04-19T06:18:42","slug":"ripe-plantain-5-kilos","status":"publish","type":"product","link":"https:\/\/platanosjapon.com\/es\/product\/ripe-plantain-5-kilos\/","title":{"rendered":"Ripe Plantain 5 kilos (Ecuador)"},"content":{"rendered":"<div><span style=\"color: #ff0000; background-color: #ffff00;\">Notas importantes sobre el producto:<\/span><\/div>\n<div><span style=\"color: #000000;\">1. El tama\u00f1o de la fruta y el n\u00famero de unidades tienen una variaci\u00f3n estacional.<\/span><\/div>\n<div><span style=\"color: #000000;\">2. Cada caja se env\u00eda en base al peso solamente.<\/span><\/div>\n<div><span style=\"color: #000000;\">3. Consumir los pl\u00e1tanos maduros dentro de los 5 d\u00edas siguientes a la fecha de entrega indicada.<\/span><\/div>\n<div><span style=\"color: #000000;\">4. Entre mayo y septiembre, debido a las condiciones de calor y humedad, las unidades maduras madurar\u00e1n m\u00e1s r\u00e1pido de lo habitual.\u00a0<\/span><\/div>\n<div><span style=\"color: #000000;\">5. Entre octubre y abril, debido a las condiciones de fr\u00edo, los pl\u00e1tanos semimaduros necesitar\u00e1n m\u00e1s tiempo para completar su maduraci\u00f3n.<\/span><\/div>\n<div><span style=\"color: #000000;\">6. Al comprar y estar en nuestra lista de clientes, podr\u00e1 estar al d\u00eda de las \u00faltimas novedades y de la disponibilidad de los productos durante todo el a\u00f1o.<\/span><\/div>\n<div><\/div>\n<div><span style=\"background-color: #ffff00;\"><span style=\"color: #ff0000;\">Notas importantes sobre el producto:<\/span><\/span><\/div>\n<div><span style=\"color: #000000;\">1. La caja est\u00e1 programada para salir del almac\u00e9n el d\u00eda anterior al d\u00eda de entrega indicado.\u00a0<\/span><\/div>\n<div><span style=\"color: #ff0000;\">2. Importante: Pueden producirse retrasos en la entrega. Las actualizaciones se proporcionar\u00e1n \u00fanicamente por mensaje de texto SMS<\/span><\/div>\n<div><span style=\"color: #000000;\">3. Las siguientes regiones requieren un d\u00eda adicional para la entrega:\u00a0<\/span><\/div>\n<div><span style=\"color: #000000;\">Hokkaido, Aomori, Akita, Gifu, Hyogo, Wakayama, Tottori, Shimane, Okayama, Hiroshima, Yamaguchi, Tokushima, Kagawa, Ehime, Kochi, Fukuoka, Saga, Nagasaki, Kumamoto, Oita, Miyazaki, Kagoshima.<\/span><\/div>\n<div><span style=\"color: #ff0000;\">4. No se pueden realizar entregas en bases militares estadounidenses ni en instalaciones controladas.<\/span><\/div>\n<div><\/div>\n<div><span style=\"color: #ffffff; background-color: #ed1c24;\"><strong>Pol\u00edtica de reclamaciones:<\/strong><\/span><br \/>\n<span style=\"color: #000000;\">Consulte la secci\u00f3n  de la p\u00e1gina Condiciones generales: <a href=\"https:\/\/platanosjapon.com\/es\/terminos-y-condiciones\/\"><span style=\"color: #ff0000;\"><strong>T\u00e9rminos y Condiciones<\/strong><\/span><\/a><\/span><\/div>","protected":false},"excerpt":{"rendered":"<div class=\"product-short-description\">\n<p><span style=\"color: #ff0000; background-color: #ffff00;\"><strong>\u231b<span style=\"color: #ff0000;\">**Esta es una preventa: La fecha de entrega puede cambiar**<\/span><\/strong><\/span><\/p>\n<div class=\"product-short-description\"><span style=\"color: #000000;\"><strong>Origen: <\/strong><\/span>\ud83c\uddea\ud83c\udde8 <span style=\"color: #000000;\">Ecuador<\/span><br \/>\n<span style=\"color: #000000;\"><strong>Color:<\/strong> Entregado maduro o semi-maduro<\/span><br \/>\n<span style=\"color: #000000;\"><strong>Peso:<\/strong> 5 kilos (incluyendo la caja)<\/span><br \/>\n<span style=\"color: #000000;\"><strong>Vida \u00fatil: <span style=\"background-color: #ffff00; color: #ff0000;\">Consumir en un plazo de 3-6 d\u00edas a partir del d\u00eda de entrega indicado<\/span><\/strong><\/span><br \/>\n<span style=\"color: #000000;\">\u26a0\ufe0f La entrega est\u00e1 sujeta a cambios dependiendo de los resultados de maduraci\u00f3n<\/span><br \/>\n<span style=\"color: #000000;\">\u26a1 Actualizaciones proporcionadas solo por mensaje de texto SMS <\/span><br \/>\n<span style=\"color: #000000;\">\ud83d\udce3 Disponibilidad y precios sujetos a cambios sin previo aviso<\/span><br \/>\n<span style=\"color: #000000; background-color: #ffffff;\"><span style=\"color: #ff0000;\"><span style=\"color: #000000;\"><strong><span style=\"background-color: #ffff00;\"><span style=\"background-color: #ffffff;\"><a style=\"color: #000000;\" href=\"https:\/\/platanosjapon.com\/es\/preguntas-frecuentes\/\">\u26a0\ufe0f Preguntas frecuentes \u2192 aqu\u00ed<\/a><a style=\"color: #000000;\" href=\"https:\/\/platanosjapon.com\/es\/terminos-y-condiciones\/\"><br \/>\n\u26a0\ufe0f T\u00e9rminos y condiciones \u2192 aqu\u00ed<\/a><\/span><\/span><span style=\"color: #0000ff; background-color: #ffff00;\"><span style=\"background-color: #ffffff;\"><br \/>\n<\/span><\/span><\/strong><\/span><\/span><\/span><span style=\"color: #ff0000;\"><br \/>\n<span style=\"color: #000000;\"><strong><a href=\"https:\/\/platanosjapon.com\/es\/whatsapp-shop\/\"><a href=\"https:\/\/platanosjapon.com\/es\/whatsapp-shop\/\" class=\"button primary is-primary is-medium lowercase btn-whatsapp\" >\n\t<i class=\"icon-whatsapp\" aria-hidden=\"true\"><\/i>\t<span>\u00a1Pedidos WhatsApp Aqu\u00ed!<\/span>\n\t<\/a>\n<\/a><br \/>\n<span style=\"color: #ff0000; background-color: #ffff00;\">Entrega en Okinawa: solo de noviembre a marzo<\/span><\/strong><\/span><br \/>\n<strong><span style=\"color: #ff0000; background-color: #ffff00;\">No entregamos a bases ni instalaciones de EE. UU.<\/span><\/strong><br \/>\n<div id=\"mtphr-dnt-28703\" class=\"mtphr-dnt mtphr-dnt-28703 mtphr-dnt-default mtphr-dnt-scroll mtphr-dnt-scroll-left\"><div class=\"mtphr-dnt-wrapper mtphr-dnt-clearfix\"><div class=\"mtphr-dnt-tick-container\"><div class=\"mtphr-dnt-tick-contents\"><div class=\"mtphr-dnt-tick mtphr-dnt-default-tick mtphr-dnt-clearfix\"><strong><span style=\"color: #ff0000\">\ud83d\udea2 Nuevo contenedor desde \ud83c\uddea\ud83c\udde8 Ecuador ya est\u00e1 en tr\u00e1nsito. \u00danase a la lista de espera y a las notificaciones de llegada por SMS y WhatsApp abajo \ud83d\udc47<\/span><\/strong><\/div><\/div><\/div><\/div><\/div><\/span><\/div>\n<\/div>","protected":false},"featured_media":38341,"template":"","meta":{"iawp_total_views":6513},"product_brand":[],"product_cat":[21,27],"product_tag":[23,28],"class_list":{"0":"post-31713","1":"product","2":"type-product","3":"status-publish","4":"has-post-thumbnail","6":"product_cat-fresh-plantains","7":"product_cat-ripe-plantains","8":"product_tag-fresh-plantain","9":"product_tag-ripe-plantain","11":"first","12":"outofstock","13":"sold-individually","14":"taxable","15":"shipping-taxable","16":"purchasable","17":"product-type-simple"},"wcpa_form_fields":null,"_links":{"self":[{"href":"https:\/\/platanosjapon.com\/es\/wp-json\/wp\/v2\/product\/31713","targetHints":{"allow":["GET"]}}],"collection":[{"href":"https:\/\/platanosjapon.com\/es\/wp-json\/wp\/v2\/product"}],"about":[{"href":"https:\/\/platanosjapon.com\/es\/wp-json\/wp\/v2\/types\/product"}],"wp:featuredmedia":[{"embeddable":true,"href":"https:\/\/platanosjapon.com\/es\/wp-json\/wp\/v2\/media\/38341"}],"wp:attachment":[{"href":"https:\/\/platanosjapon.com\/es\/wp-json\/wp\/v2\/media?parent=31713"}],"wp:term":[{"taxonomy":"product_brand","embeddable":true,"href":"https:\/\/platanosjapon.com\/es\/wp-json\/wp\/v2\/product_brand?post=31713"},{"taxonomy":"product_cat","embeddable":true,"href":"https:\/\/platanosjapon.com\/es\/wp-json\/wp\/v2\/product_cat?post=31713"},{"taxonomy":"product_tag","embeddable":true,"href":"https:\/\/platanosjapon.com\/es\/wp-json\/wp\/v2\/product_tag?post=31713"}],"curies":[{"name":"wp","href":"https:\/\/api.w.org\/{rel}","templated":true}]}}