{"id":12585,"date":"2021-09-02T13:38:39","date_gmt":"2021-09-02T04:38:39","guid":{"rendered":"https:\/\/platanosjapon.com\/?page_id=12585"},"modified":"2025-05-12T08:21:36","modified_gmt":"2025-05-11T23:21:36","slug":"contact-us","status":"publish","type":"page","link":"https:\/\/platanosjapon.com\/fr\/contact-us\/","title":{"rendered":"Contactez-nous"},"content":{"rendered":"<p style=\"text-align: center;\"><span style=\"color: #000000; font-size: 110%;\">Utilisez l'un des boutons de m\u00e9dias sociaux suivants pour nous envoyer un message et nous vous r\u00e9pondrons dans les plus brefs d\u00e9lais.<\/span><\/p>\n<div class=\"row\"  id=\"row-1508343260\">\n\n\t<div id=\"col-1388414716\" class=\"col small-12 large-12\"  data-animate=\"flipInX\">\n\t\t\t\t<div class=\"col-inner\"  >\n\t\t\t\n\t\t\t\n\t<div id=\"stack-3343145482\" class=\"stack stack-row justify-center items-stretch\">\n\t\t\n\t<div class=\"img has-hover x md-x lg-x y md-y lg-y\" id=\"image_793613678\">\n\t\t<a class=\"\" href=\"https:\/\/wa.me\/817050726800\" target=\"_blank\" rel=\"noopener\">\t\t\t\t\t\t<div class=\"img-inner dark\" >\n\t\t\t<img loading=\"lazy\" decoding=\"async\" width=\"229\" height=\"229\" src=\"https:\/\/platanosjapon.com\/wp-content\/uploads\/2024\/09\/WhatsApp229.png\" class=\"attachment-large size-large\" alt=\"\" srcset=\"https:\/\/platanosjapon.com\/wp-content\/uploads\/2024\/09\/WhatsApp229.png 229w, https:\/\/platanosjapon.com\/wp-content\/uploads\/2024\/09\/WhatsApp229-150x150.png 150w, https:\/\/platanosjapon.com\/wp-content\/uploads\/2024\/09\/WhatsApp229-12x12.png 12w, https:\/\/platanosjapon.com\/wp-content\/uploads\/2024\/09\/WhatsApp229-100x100.png 100w\" sizes=\"auto, (max-width: 229px) 100vw, 229px\" title=\"\">\t\t\t\t\t\t\n\t\t\t\t\t<\/div>\n\t\t\t\t\t\t<\/a>\t\t\n<style>\n#image_793613678 {\n  width: 15%;\n}\n<\/style>\n\t<\/div>\n\t\n\t<div class=\"img has-hover x md-x lg-x y md-y lg-y\" id=\"image_69968109\">\n\t\t<a class=\"\" href=\"http:\/\/m.me\/PlatanosJapon\">\t\t\t\t\t\t<div class=\"img-inner dark\" >\n\t\t\t<img loading=\"lazy\" decoding=\"async\" width=\"229\" height=\"229\" src=\"https:\/\/platanosjapon.com\/wp-content\/uploads\/2024\/09\/Messenger229.png\" class=\"attachment-large size-large\" alt=\"\" srcset=\"https:\/\/platanosjapon.com\/wp-content\/uploads\/2024\/09\/Messenger229.png 229w, https:\/\/platanosjapon.com\/wp-content\/uploads\/2024\/09\/Messenger229-150x150.png 150w, https:\/\/platanosjapon.com\/wp-content\/uploads\/2024\/09\/Messenger229-12x12.png 12w, https:\/\/platanosjapon.com\/wp-content\/uploads\/2024\/09\/Messenger229-100x100.png 100w\" sizes=\"auto, (max-width: 229px) 100vw, 229px\" title=\"\">\t\t\t\t\t\t\n\t\t\t\t\t<\/div>\n\t\t\t\t\t\t<\/a>\t\t\n<style>\n#image_69968109 {\n  width: 15%;\n}\n<\/style>\n\t<\/div>\n\t\n\t<div class=\"img has-hover x md-x lg-x y md-y lg-y\" id=\"image_886381892\">\n\t\t<a class=\"\" href=\"https:\/\/lin.ee\/CqdtPZU\" target=\"_blank\" rel=\"noopener\">\t\t\t\t\t\t<div class=\"img-inner dark\" >\n\t\t\t<img loading=\"lazy\" decoding=\"async\" width=\"229\" height=\"229\" src=\"https:\/\/platanosjapon.com\/wp-content\/uploads\/2024\/09\/Line229.png\" class=\"attachment-large size-large\" alt=\"\" srcset=\"https:\/\/platanosjapon.com\/wp-content\/uploads\/2024\/09\/Line229.png 229w, https:\/\/platanosjapon.com\/wp-content\/uploads\/2024\/09\/Line229-150x150.png 150w, https:\/\/platanosjapon.com\/wp-content\/uploads\/2024\/09\/Line229-12x12.png 12w, https:\/\/platanosjapon.com\/wp-content\/uploads\/2024\/09\/Line229-100x100.png 100w\" sizes=\"auto, (max-width: 229px) 100vw, 229px\" title=\"\">\t\t\t\t\t\t\n\t\t\t\t\t<\/div>\n\t\t\t\t\t\t<\/a>\t\t\n<style>\n#image_886381892 {\n  width: 15%;\n}\n<\/style>\n\t<\/div>\n\t\n\t<div class=\"img has-hover x md-x lg-x y md-y lg-y\" id=\"image_1244895602\">\n\t\t<a class=\"\" href=\"http:\/\/t.me\/platanosjapon\">\t\t\t\t\t\t<div class=\"img-inner dark\" >\n\t\t\t<img loading=\"lazy\" decoding=\"async\" width=\"229\" height=\"229\" src=\"https:\/\/platanosjapon.com\/wp-content\/uploads\/2024\/09\/Telegram229.png\" class=\"attachment-large size-large\" alt=\"\" srcset=\"https:\/\/platanosjapon.com\/wp-content\/uploads\/2024\/09\/Telegram229.png 229w, https:\/\/platanosjapon.com\/wp-content\/uploads\/2024\/09\/Telegram229-150x150.png 150w, https:\/\/platanosjapon.com\/wp-content\/uploads\/2024\/09\/Telegram229-12x12.png 12w, https:\/\/platanosjapon.com\/wp-content\/uploads\/2024\/09\/Telegram229-100x100.png 100w\" sizes=\"auto, (max-width: 229px) 100vw, 229px\" title=\"\">\t\t\t\t\t\t\n\t\t\t\t\t<\/div>\n\t\t\t\t\t\t<\/a>\t\t\n<style>\n#image_1244895602 {\n  width: 15%;\n}\n<\/style>\n\t<\/div>\n\t\n\t<div class=\"img has-hover x md-x lg-x y md-y lg-y\" id=\"image_446492943\">\n\t\t<a class=\"\" href=\"https:\/\/ig.me\/m\/platanosjapon\" target=\"_blank\" rel=\"noopener\">\t\t\t\t\t\t<div class=\"img-inner dark\" >\n\t\t\t<img loading=\"lazy\" decoding=\"async\" width=\"229\" height=\"229\" src=\"https:\/\/platanosjapon.com\/wp-content\/uploads\/2024\/09\/Instagram229.png\" class=\"attachment-large size-large\" alt=\"\" srcset=\"https:\/\/platanosjapon.com\/wp-content\/uploads\/2024\/09\/Instagram229.png 229w, https:\/\/platanosjapon.com\/wp-content\/uploads\/2024\/09\/Instagram229-150x150.png 150w, https:\/\/platanosjapon.com\/wp-content\/uploads\/2024\/09\/Instagram229-12x12.png 12w, https:\/\/platanosjapon.com\/wp-content\/uploads\/2024\/09\/Instagram229-100x100.png 100w\" sizes=\"auto, (max-width: 229px) 100vw, 229px\" title=\"\">\t\t\t\t\t\t\n\t\t\t\t\t<\/div>\n\t\t\t\t\t\t<\/a>\t\t\n<style>\n#image_446492943 {\n  width: 15%;\n}\n<\/style>\n\t<\/div>\n\t\n\t<div class=\"img has-hover x md-x lg-x y md-y lg-y\" id=\"image_132341297\">\n\t\t<a class=\"\" href=\"sms:07050726800\" >\t\t\t\t\t\t<div class=\"img-inner dark\" >\n\t\t\t<img loading=\"lazy\" decoding=\"async\" width=\"229\" height=\"229\" src=\"https:\/\/platanosjapon.com\/wp-content\/uploads\/2024\/09\/sms229-1.png\" class=\"attachment-large size-large\" alt=\"\" srcset=\"https:\/\/platanosjapon.com\/wp-content\/uploads\/2024\/09\/sms229-1.png 229w, https:\/\/platanosjapon.com\/wp-content\/uploads\/2024\/09\/sms229-1-150x150.png 150w, https:\/\/platanosjapon.com\/wp-content\/uploads\/2024\/09\/sms229-1-12x12.png 12w, https:\/\/platanosjapon.com\/wp-content\/uploads\/2024\/09\/sms229-1-100x100.png 100w\" sizes=\"auto, (max-width: 229px) 100vw, 229px\" title=\"\">\t\t\t\t\t\t\n\t\t\t\t\t<\/div>\n\t\t\t\t\t\t<\/a>\t\t\n<style>\n#image_132341297 {\n  width: 15%;\n}\n<\/style>\n\t<\/div>\n\t\n\t\t\n<style>\n#stack-3343145482 > * {\n  --stack-gap: 0.5rem;\n}\n<\/style>\n\t<\/div>\n\t\n\t\t<\/div>\n\t\t\t\t\t<\/div>\n\n\t\n<\/div>","protected":false},"excerpt":{"rendered":"<p>Utilisez l'un des boutons de m\u00e9dias sociaux suivants pour nous envoyer un message et nous vous r\u00e9pondrons dans les plus brefs d\u00e9lais.<\/p>","protected":false},"author":1,"featured_media":0,"parent":0,"menu_order":9,"comment_status":"closed","ping_status":"closed","template":"page-blank-title-center.php","meta":{"iawp_total_views":412,"footnotes":""},"class_list":["post-12585","page","type-page","status-publish","hentry"],"_links":{"self":[{"href":"https:\/\/platanosjapon.com\/fr\/wp-json\/wp\/v2\/pages\/12585","targetHints":{"allow":["GET"]}}],"collection":[{"href":"https:\/\/platanosjapon.com\/fr\/wp-json\/wp\/v2\/pages"}],"about":[{"href":"https:\/\/platanosjapon.com\/fr\/wp-json\/wp\/v2\/types\/page"}],"author":[{"embeddable":true,"href":"https:\/\/platanosjapon.com\/fr\/wp-json\/wp\/v2\/users\/1"}],"replies":[{"embeddable":true,"href":"https:\/\/platanosjapon.com\/fr\/wp-json\/wp\/v2\/comments?post=12585"}],"version-history":[{"count":28,"href":"https:\/\/platanosjapon.com\/fr\/wp-json\/wp\/v2\/pages\/12585\/revisions"}],"predecessor-version":[{"id":36211,"href":"https:\/\/platanosjapon.com\/fr\/wp-json\/wp\/v2\/pages\/12585\/revisions\/36211"}],"wp:attachment":[{"href":"https:\/\/platanosjapon.com\/fr\/wp-json\/wp\/v2\/media?parent=12585"}],"curies":[{"name":"wp","href":"https:\/\/api.w.org\/{rel}","templated":true}]}}