{"id":12593,"date":"2021-09-02T14:07:42","date_gmt":"2021-09-02T05:07:42","guid":{"rendered":"https:\/\/platanosjapon.com\/?page_id=12593"},"modified":"2025-06-06T07:55:27","modified_gmt":"2025-06-05T22:55:27","slug":"sms-notification","status":"publish","type":"page","link":"https:\/\/platanosjapon.com\/fr\/sms-notification\/","title":{"rendered":"Notifications par SMS"},"content":{"rendered":"<p><span style=\"color: #000000;\"><div id=\"mtphr-dnt-26229\" class=\"mtphr-dnt mtphr-dnt-26229 mtphr-dnt-default mtphr-dnt-scroll mtphr-dnt-scroll-left\"><div class=\"mtphr-dnt-wrapper mtphr-dnt-clearfix\"><div class=\"mtphr-dnt-tick-container\"><div class=\"mtphr-dnt-tick-contents\"><div class=\"mtphr-dnt-tick mtphr-dnt-default-tick mtphr-dnt-clearfix\"><strong><span style=\"color: #0000ff\">\ud83d\udc4b Demandez vos notifications ici ! Indiquez votre nom, un num\u00e9ro WhatsApp japonais, le produit que vous pr\u00e9f\u00e9rez et votre langue. Nous vous enverrons un SMS sur votre t\u00e9l\u00e9phone portable d\u00e8s l'arriv\u00e9e du nouveau stock. Merci de patienter \ud83d\udc47<\/span><\/strong><\/div><\/div><\/div><\/div><\/div> <\/span><\/p>\n<div class='fluentform ff-default fluentform_wrapper_3 ffs_custom_wrap'><form data-form_id=\"3\" id=\"fluentform_3\" class=\"frm-fluent-form fluent_form_3 ff-el-form-top ff_form_instance_3_1 ff-form-loading ffs_custom\" data-form_instance=\"ff_form_instance_3_1\" method=\"POST\" action=\"\" ><fieldset  style=\"border: none!important;margin: 0!important;padding: 0!important;background-color: transparent!important;box-shadow: none!important;outline: none!important; min-inline-size: 100%;\">\n                    <legend class=\"ff_screen_reader_title\" style=\"display: block; margin: 0!important;padding: 0!important;height: 0!important;text-indent: -999999px;width: 0!important;overflow:hidden;\">NOTIFICATION - PLANTAINS<\/legend><input type='hidden' name='__fluent_form_embded_post_id' value='12593' \/><input type=\"hidden\" id=\"_fluentform_3_fluentformnonce\" name=\"_fluentform_3_fluentformnonce\" value=\"dd8b70772b\" \/><input type=\"hidden\" name=\"_wp_http_referer\" value=\"\/fr\/wp-json\/wp\/v2\/pages\/12593\" \/><div class='ff-el-group'><div class=\"ff-el-input--label ff-el-is-required asterisk-right\"><label for='ff_3_phone' id='label_ff_3_phone' aria-label=\"Num\u00e9ros japonais uniquement s&#039;il vous pla\u00eet\">Num\u00e9ros japonais uniquement s'il vous pla\u00eet<\/label><\/div><div class='ff-el-input--content'><input name=\"phone\" class=\"ff-el-form-control ff-el-phone ff_el_with_extended_validation\" type=\"tel\" placeholder=\"Num\u00e9ro de t\u00e9l\u00e9phone mobile Exemple : 080-1234-5678\" data-name=\"phone\" id=\"ff_3_phone\" inputmode=\"tel\"  aria-invalid='false' aria-required=\"true\"><\/div><\/div><div class='ff-el-group'><div class=\"ff-el-input--label ff-el-is-required asterisk-right\"><label for='ff_3_dropdown' id='label_ff_3_dropdown' aria-label=\"Est-ce un num\u00e9ro WhatsApp?\">Est-ce un num\u00e9ro WhatsApp?<\/label><\/div><div class='ff-el-input--content'><select name=\"dropdown\" id=\"ff_3_dropdown\" class=\"ff-el-form-control\" data-name=\"dropdown\" data-calc_value=\"0\"  aria-invalid=\"false\" aria-required=\"true\" aria-labelledby=\"label_ff_3_dropdown\"><option value=\"\">Est-ce un num\u00e9ro WhatsApp?<\/option><option value=\"Yes\"  >Oui<\/option><option value=\"No\"  >Non<\/option><\/select><\/div><\/div><div class='ff-el-group'><div class=\"ff-el-input--label asterisk-right\"><label for='ff_3_dropdown_2' id='label_ff_3_dropdown_2' aria-label=\"Langue\">Langue<\/label><\/div><div class='ff-el-input--content'><select name=\"dropdown_2\" id=\"ff_3_dropdown_2\" class=\"ff-el-form-control\" data-name=\"dropdown_2\" data-calc_value=\"0\"  aria-invalid=\"false\" aria-required=\"false\" aria-labelledby=\"label_ff_3_dropdown_2\"><option value=\"\">S\u00e9lectionnez votre langue<\/option><option value=\"English\"  >Anglais<\/option><option value=\"Spanish\"  >Espagnol<\/option><option value=\"Portuguese\"  >Portugais<\/option><option value=\"French\"  >Fran\u00e7ais<\/option><option value=\"Japanese\"  >Japonais<\/option><\/select><\/div><\/div><div class='ff-el-group'><div class=\"ff-el-input--label ff-el-is-required asterisk-right\"><label for='ff_3_input_text' id='label_ff_3_input_text' aria-label=\"Nom complet\">Nom complet<\/label><\/div><div class='ff-el-input--content'><input type=\"text\" name=\"input_text\" class=\"ff-el-form-control\" placeholder=\"Nom complet\" data-name=\"input_text\" id=\"ff_3_input_text\"  aria-invalid=\"false\" aria-required=\"true\"><\/div><\/div><div class='ff-el-group'><div class=\"ff-el-input--label ff-el-is-required asterisk-right\"><label for='ff_3_dropdown_1' id='label_ff_3_dropdown_1' aria-label=\"Produit\">Produit<\/label><\/div><div class='ff-el-input--content'><select name=\"dropdown_1\" id=\"ff_3_dropdown_1\" class=\"ff-el-form-control\" data-name=\"dropdown_1\" data-calc_value=\"0\"  aria-invalid=\"false\" aria-required=\"true\" aria-labelledby=\"label_ff_3_dropdown_1\"><option value=\"\">Quel est le produit qui vous int\u00e9resse ?<\/option><option value=\"Green plantains\"  >Green plantains<\/option><option value=\"Ripe plantains\"  >Ripe plantains<\/option><\/select><\/div><\/div><input type=\"hidden\" name=\"hidden\" value=\"https:\/\/platanosjapon.com\/fr\/wp-json\/wp\/v2\/pages\/12593\" data-name=\"hidden\" ><input type=\"hidden\" name=\"hidden_1\" value=\"SMS Notifications\" data-name=\"hidden_1\" ><div class='ff-el-group ff-text-center ff_submit_btn_wrapper'><button type=\"submit\" class=\"ff-btn ff-btn-submit ff-btn-lg ff_btn_style wpf_has_custom_css\"  aria-label=\"Me notifier!\">Me notifier!<\/button><\/div><\/fieldset><input type=\"hidden\" name=\"trp-form-language\" value=\"fr\"\/><\/form><div id='fluentform_3_errors' class='ff-errors-in-stack ff_form_instance_3_1 ff-form-loading_errors ff_form_instance_3_1_errors'><\/div><\/div>            <script type=\"text\/javascript\">\n                window.fluent_form_ff_form_instance_3_1 = {\"id\":\"3\",\"settings\":{\"layout\":{\"labelPlacement\":\"top\",\"helpMessagePlacement\":\"with_label\",\"errorMessagePlacement\":\"inline\",\"asteriskPlacement\":\"asterisk-right\"},\"id\":\"39\",\"restrictions\":{\"denyEmptySubmission\":{\"enabled\":false}}},\"form_instance\":\"ff_form_instance_3_1\",\"form_id_selector\":\"fluentform_3\",\"rules\":{\"phone\":{\"required\":{\"value\":true,\"message\":\"Your mobile phone number is not valid\",\"global\":false,\"global_message\":\"This field is required\"},\"valid_phone_number\":{\"value\":true,\"message\":\"Your mobile phone number is not valid\",\"global\":false,\"global_message\":\"Phone number is not valid\"}},\"dropdown\":{\"required\":{\"value\":true,\"message\":\"This field is required\",\"global_message\":\"This field is required\",\"global\":true}},\"dropdown_2\":{\"required\":{\"value\":false,\"message\":\"This field is required\",\"global_message\":\"This field is required\",\"global\":true}},\"input_text\":{\"required\":{\"value\":true,\"message\":\"Please provide your name\",\"global\":false,\"global_message\":\"This field is required\"}},\"dropdown_1\":{\"required\":{\"value\":true,\"message\":\"This field is required\",\"global\":false,\"global_message\":\"This field is required\"}}},\"debounce_time\":300};\n                            <\/script>","protected":false},"excerpt":{"rendered":"","protected":false},"author":1,"featured_media":0,"parent":0,"menu_order":4,"comment_status":"closed","ping_status":"closed","template":"page-blank-title-center.php","meta":{"iawp_total_views":3320,"footnotes":""},"class_list":["post-12593","page","type-page","status-publish","hentry"],"_links":{"self":[{"href":"https:\/\/platanosjapon.com\/fr\/wp-json\/wp\/v2\/pages\/12593","targetHints":{"allow":["GET"]}}],"collection":[{"href":"https:\/\/platanosjapon.com\/fr\/wp-json\/wp\/v2\/pages"}],"about":[{"href":"https:\/\/platanosjapon.com\/fr\/wp-json\/wp\/v2\/types\/page"}],"author":[{"embeddable":true,"href":"https:\/\/platanosjapon.com\/fr\/wp-json\/wp\/v2\/users\/1"}],"replies":[{"embeddable":true,"href":"https:\/\/platanosjapon.com\/fr\/wp-json\/wp\/v2\/comments?post=12593"}],"version-history":[{"count":23,"href":"https:\/\/platanosjapon.com\/fr\/wp-json\/wp\/v2\/pages\/12593\/revisions"}],"predecessor-version":[{"id":36708,"href":"https:\/\/platanosjapon.com\/fr\/wp-json\/wp\/v2\/pages\/12593\/revisions\/36708"}],"wp:attachment":[{"href":"https:\/\/platanosjapon.com\/fr\/wp-json\/wp\/v2\/media?parent=12593"}],"curies":[{"name":"wp","href":"https:\/\/api.w.org\/{rel}","templated":true}]}}