{"id":75,"date":"2021-09-01T02:57:32","date_gmt":"2021-08-31T17:57:32","guid":{"rendered":"https:\/\/platanosjapon.com\/?post_type=product&#038;p=75"},"modified":"2026-03-09T07:05:36","modified_gmt":"2026-03-08T22:05:36","slug":"green-plantain-22-kilos","status":"publish","type":"product","link":"https:\/\/platanosjapon.com\/fr\/product\/green-plantain-22-kilos\/","title":{"rendered":"Green Plantain 22 kilos (Ecuador)"},"content":{"rendered":"<div>\n<h3 data-start=\"360\" data-end=\"391\"><strong>R\u00e8gles rapides<\/strong><\/h3>\n<ol data-start=\"392\" data-end=\"879\">\n<li data-start=\"392\" data-end=\"593\">\n<p data-start=\"395\" data-end=\"593\">Soyez disponible \u00e0 la date\/heure de livraison que vous avez choisie. Les horaires de livraison sont des demandes et peuvent changer en raison de retards du transporteur, de la m\u00e9t\u00e9o, du trafic, de probl\u00e8mes d\u2019adresse, etc.<\/p>\n<\/li>\n<li data-start=\"594\" data-end=\"736\">\n<p data-start=\"597\" data-end=\"736\">Les bananes plantains sont livr\u00e9es vertes. Si vous avez besoin de bananes m\u00fbres, merci de ne pas commander des vertes.<\/p>\n<\/li>\n<li data-start=\"737\" data-end=\"879\">\n<p data-start=\"740\" data-end=\"879\">Les bananes vertes et m\u00fbres sont exp\u00e9di\u00e9es s\u00e9par\u00e9ment (fournisseurs diff\u00e9rents \/ lieux diff\u00e9rents). Lorsque les bananes m\u00fbres sont disponibles, merci de commander des bo\u00eetes s\u00e9par\u00e9es pour chaque type.<\/p>\n<\/li>\n<\/ol>\n<hr data-start=\"881\" data-end=\"884\" \/>\n<h3 data-start=\"886\" data-end=\"914\"><strong>Quand votre bo\u00eete arrive<\/strong><\/h3>\n<ol data-start=\"915\" data-end=\"1402\">\n<li data-start=\"915\" data-end=\"1020\">\n<p data-start=\"918\" data-end=\"1020\">Ouvrez la bo\u00eete imm\u00e9diatement et v\u00e9rifiez chaque fruit le jour m\u00eame.<\/p>\n<\/li>\n<li data-start=\"1021\" data-end=\"1152\">\n<p data-start=\"1024\" data-end=\"1152\">Ne laissez pas la bo\u00eete ferm\u00e9e trop longtemps.<\/p>\n<\/li>\n<li data-start=\"1153\" data-end=\"1265\">\n<p data-start=\"1156\" data-end=\"1265\">Retirez et jetez en toute s\u00e9curit\u00e9 le sachet d\u2019\u00e9thyl\u00e8ne. Ne pas consommer.<\/p>\n<\/li>\n<li data-start=\"1266\" data-end=\"1402\">\n<p data-start=\"1269\" data-end=\"1402\">Recommended consumption for green plantain is within 7\u201310 days from the delivery date shown in your order.<\/p>\n<\/li>\n<\/ol>\n<hr data-start=\"1404\" data-end=\"1407\" \/>\n<h3 data-start=\"1409\" data-end=\"1439\"><strong>Conservation<\/strong><\/h3>\n<ul data-start=\"1440\" data-end=\"2219\">\n<li data-start=\"1440\" data-end=\"1585\">\n<p data-start=\"1442\" data-end=\"1585\">Meilleure conservation \u00e0 court terme : endroit frais, sec et sombre, \u00e0 l\u2019abri du soleil et de la chaleur (ex. : pas pr\u00e8s d\u2019une source de chaleur).<\/p>\n<\/li>\n<li data-start=\"1586\" data-end=\"1862\">\n<p data-start=\"1588\" data-end=\"1862\">Warm \/ humid months (around June\u2013September): green plantains can ripen faster. To keep them green longer, store cool (about 8\u201315\u00b0C) as soon as you receive the box.<\/p>\n<\/li>\n<li data-start=\"1863\" data-end=\"2117\">\n<p data-start=\"1865\" data-end=\"2117\">Cold \/ dry months (around September\u2013May): green plantains may not ripen naturally at room temperature in Japan. Long storage can cause hard skin, darkening, and difficult peeling so don\u2019t store for several weeks.<\/p>\n<\/li>\n<li data-start=\"2118\" data-end=\"2219\">\n<p data-start=\"2120\" data-end=\"2219\">Les r\u00e9sultats du m\u00fbrissement \u00e0 la maison varient selon la saison et les conditions du domicile. Nous ne pouvons pas offrir de remboursement, remplacement ou avoir si le m\u00fbrissement \u00e0 la maison ne donne pas le r\u00e9sultat souhait\u00e9. Si vous avez besoin de bananes plantains m\u00fbres pr\u00eates \u00e0 consommer, nous recommandons d\u2019acheter nos bananes m\u00fbries professionnellement.<\/p>\n<\/li>\n<\/ul>\n<hr data-start=\"2221\" data-end=\"2224\" \/>\n<h3 data-start=\"2226\" data-end=\"2267\"><strong>Variation naturelle<\/strong><\/h3>\n<ul data-start=\"2268\" data-end=\"2743\">\n<li data-start=\"2268\" data-end=\"2421\">\n<p data-start=\"2270\" data-end=\"2421\">La taille des fruits et le nombre de pi\u00e8ces varient selon la saison. Les bo\u00eetes sont vendues au poids, pas avec un nombre fixe de pi\u00e8ces.<\/p>\n<\/li>\n<li data-start=\"2422\" data-end=\"2617\">\n<p data-start=\"2424\" data-end=\"2617\">Pendant les mois froids, lorsqu\u2019ils sont stock\u00e9s \u00e0 la maison, les fruits peuvent perdre un peu d\u2019humidit\u00e9 (d\u00e9shydratation), donc le poids \u00e0 la livraison peut \u00eatre l\u00e9g\u00e8rement inf\u00e9rieur. Cela ne signifie pas qu\u2019il manque du produit.<\/p>\n<\/li>\n<li data-start=\"2618\" data-end=\"2743\">\n<p data-start=\"2620\" data-end=\"2743\">De petites marques esth\u00e9tiques (\u00e9gratignures\/taches de latex\/marques sur la peau) sont normales et ne sont pas des d\u00e9fauts.<\/p>\n<\/li>\n<\/ul>\n<hr data-start=\"2745\" data-end=\"2748\" \/>\n<h3 data-start=\"2807\" data-end=\"2840\"><strong>Exp\u00e9dition et d\u00e9lais de livraison<\/strong><\/h3>\n<ol data-start=\"2841\" data-end=\"3356\">\n<li data-start=\"2841\" data-end=\"3021\">\n<p data-start=\"2844\" data-end=\"3021\">Votre bo\u00eete est g\u00e9n\u00e9ralement exp\u00e9di\u00e9e depuis l\u2019entrep\u00f4t avant la date de livraison indiqu\u00e9e dans votre confirmation. (L\u2019exp\u00e9dition le jour m\u00eame n\u2019est pas possible.)<\/p>\n<\/li>\n<li data-start=\"3022\" data-end=\"3243\">\n<p data-start=\"3025\" data-end=\"3243\">Certaines r\u00e9gions n\u00e9cessitent plus de temps en raison des correspondances avion\/ferry et de la m\u00e9t\u00e9o. Si votre pr\u00e9fecture est indiqu\u00e9e (+2) dans la confirmation de votre commande, ajoutez 1 jour suppl\u00e9mentaire apr\u00e8s l\u2019exp\u00e9dition.<\/p>\n<\/li>\n<\/ol>\n<hr data-start=\"3358\" data-end=\"3361\" \/>\n<h3 data-start=\"3363\" data-end=\"3405\"><strong>Si vous manquez la livraison<\/strong><\/h3>\n<ol data-start=\"3406\" data-end=\"4142\">\n<li data-start=\"3406\" data-end=\"3565\">\n<p data-start=\"3409\" data-end=\"3461\">V\u00e9rifiez votre bo\u00eete aux lettres pour l\u2019avis de passage. Celui de Yamato Kuroneko est jaune et celui de Japan Post est rouge.<\/p>\n<\/li>\n<li data-start=\"3566\" data-end=\"3776\">\n<p data-start=\"3569\" data-end=\"3776\">Demandez une nouvelle livraison d\u00e8s que possible (les produits frais sont sensibles au temps). Pour une nouvelle livraison le jour m\u00eame, le transporteur a g\u00e9n\u00e9ralement besoin de votre demande avant 17:00.<\/p>\n<\/li>\n<li data-start=\"3777\" data-end=\"3885\">\n<p data-start=\"3780\" data-end=\"3885\">Si vous avez besoin d\u2019aide, contactez-nous et partagez le num\u00e9ro de suivi.<\/p>\n<\/li>\n<li data-start=\"3886\" data-end=\"4142\">\n<p data-start=\"3889\" data-end=\"4142\">Si le transporteur garde la bo\u00eete trop longtemps ou nous la renvoie, nous ne pourrons pas envoyer de remplacement. Les bo\u00eetes retourn\u00e9es peuvent entra\u00eener la suspension des livraisons jusqu\u2019\u00e0 ce que nous approuvions la r\u00e9activation. Vous pouvez perdre l\u2019option de paiement \u00e0 la livraison et \u00eatre bascul\u00e9 vers le paiement par carte uniquement.<\/p>\n<\/li>\n<\/ol>\n<hr data-start=\"4144\" data-end=\"4147\" \/>\n<h3 data-start=\"4149\" data-end=\"4180\"><strong>Paiement et limites d\u2019adresse<\/strong><\/h3>\n<ul data-start=\"4181\" data-end=\"4607\">\n<li data-start=\"4181\" data-end=\"4302\">\n<p data-start=\"4183\" data-end=\"4302\">Les options de paiement incluent le paiement \u00e0 la livraison (contre remboursement), la carte bancaire en ligne et (Yamato uniquement) le paiement par carte \u00e0 la porte (sur demande).<\/p>\n<\/li>\n<li data-start=\"4303\" data-end=\"4433\">\n<p data-start=\"4305\" data-end=\"4433\">Nous ne pouvons pas livrer aux bases\/installations militaires am\u00e9ricaines ni \u00e0 d\u2019autres adresses \u00e0 acc\u00e8s restreint.<\/p>\n<\/li>\n<li data-start=\"4434\" data-end=\"4607\">\n<p data-start=\"4436\" data-end=\"4607\">Si le paiement \u00e0 la livraison n\u2019a pas \u00e9t\u00e9 encaiss\u00e9 \u00e0 cause d\u2019une erreur du transporteur, nous pouvons demander un r\u00e8glement par carte ou virement bancaire avant de reprendre les livraisons futures.<\/p>\n<\/li>\n<\/ul>\n<hr data-start=\"4609\" data-end=\"4612\" \/>\n<h3 data-start=\"4653\" data-end=\"4686\"><strong>Politique de r\u00e9clamation (r\u00e8gle des 48 heures)<\/strong><\/h3>\n<ol data-start=\"4687\" data-end=\"5469\">\n<li data-start=\"4687\" data-end=\"4813\">\n<p data-start=\"4690\" data-end=\"4813\">Contactez-nous dans les 48 heures suivant la date de livraison indiqu\u00e9e dans votre demande\/confirmation.<\/p>\n<\/li>\n<li data-start=\"4687\" data-end=\"4813\">Merci d\u2019inclure toutes les photos requises. Envoyez une photo de l\u2019\u00e9tiquette d\u2019exp\u00e9dition. Joignez aussi une photo de l\u2019ext\u00e9rieur de la bo\u00eete, une photo de l\u2019int\u00e9rieur de la bo\u00eete et des photos nettes de tous les fruits concern\u00e9s.<\/li>\n<li data-start=\"5136\" data-end=\"5256\">\n<p data-start=\"5139\" data-end=\"5256\">Conservez le produit et l\u2019emballage jusqu\u2019\u00e0 notre r\u00e9ponse, car nous pouvons avoir besoin de v\u00e9rifications suppl\u00e9mentaires.<\/p>\n<\/li>\n<li data-start=\"5257\" data-end=\"5469\">\n<p data-start=\"5260\" data-end=\"5469\">Les r\u00e9clamations ne sont pas couvertes si elles sont dues \u00e0 une r\u00e9ception tardive \/ une livraison manqu\u00e9e \/ le stockage \u00e0 domicile \/ la commande du mauvais produit \/ les r\u00e9sultats du m\u00fbrissement \u00e0 la maison \/ une r\u00e9clamation apr\u00e8s 48 heures.<\/p>\n<\/li>\n<\/ol>\n<\/div>\n<div><\/div>","protected":false},"excerpt":{"rendered":"<p><span style=\"color: #000000;\"><strong>Origin: \ud83c\uddea\ud83c\udde8<\/strong><\/span>\u00a0<span style=\"color: #000000;\">\u00c9quateur<\/span><br \/>\n<span style=\"color: #000000;\"><strong>Couleur: <\/strong>Verte (non m\u00fbre)<\/span><br \/>\n<span style=\"color: #000000;\"><strong>Poids net:<\/strong> 22 kilos (bo\u00eete incluse)<\/span><br \/>\n<span style=\"color: #000000;\"><strong>Approximatif unit\u00e9s:<\/strong> 55-60<\/span><br \/>\n<span style=\"color: #000000; background-color: #ffffff;\"><strong>Dur\u00e9e de vie: <\/strong>7-10 jours \u00e0 partir de votre date de livraison<\/span><br \/>\n<span style=\"color: #000000; background-color: #ffffff;\"><span style=\"color: #ff0000;\"><span style=\"color: #000000;\"><span style=\"background-color: #ffff00;\"><span style=\"background-color: #ffffff;\"><a style=\"color: #000000;\" href=\"https:\/\/platanosjapon.com\/fr\/frequently-asked-questions-faq\/\">\u26a0\ufe0f Foire aux questions \u2192 ici<\/a><a style=\"color: #000000;\" href=\"https:\/\/platanosjapon.com\/fr\/termes-et-conditions\/\"><br \/>\n\u26a0\ufe0f Conditions g\u00e9n\u00e9rales \u2192 ici<\/a><\/span><\/span><strong><span style=\"color: #0000ff; background-color: #ffff00;\"><span style=\"background-color: #ffffff;\"><br \/>\n<\/span><\/span><\/strong><\/span><\/span><\/span><span style=\"color: #ff0000;\">\ud83d\udccdLivraison \u00e0 Okinawa : disponible\u2705<\/span><br \/>\n<span style=\"color: #ff0000;\">\u274cLivraison \u00e0 Hokkaido : non disponible\u274c<\/span><br data-start=\"493\" data-end=\"496\" \/><span style=\"color: #ff0000;\">\u274cBases et installations US : non disponible\u274c<\/span><strong><br \/>\n<\/strong><span style=\"color: #000000;\"><span style=\"background-color: #ffffff;\"><a style=\"background-color: #ffffff; color: #000000;\" href=\"https:\/\/platanosjapon.com\/fr\/whatsapp-shop\/\"><a href=\"https:\/\/platanosjapon.com\/fr\/whatsapp-shop\/\" class=\"button primary is-primary is-medium lowercase btn-whatsapp\" >\n\t<i class=\"icon-whatsapp\" aria-hidden=\"true\"><\/i>\t<span>Commandes WhatsApp ici!<\/span>\n\t<\/a>\n<\/a><\/span><span style=\"background-color: #ffffff;\"><br \/>\n<div id=\"mtphr-dnt-29210\" class=\"mtphr-dnt mtphr-dnt-29210 mtphr-dnt-default mtphr-dnt-scroll mtphr-dnt-scroll-left\"><div class=\"mtphr-dnt-wrapper mtphr-dnt-clearfix\"><div class=\"mtphr-dnt-tick-container\"><div class=\"mtphr-dnt-tick-contents\"><div class=\"mtphr-dnt-tick mtphr-dnt-default-tick mtphr-dnt-clearfix\"><span style=\"color: #008000\"><strong>\ud83d\udea2 Un nouveau conteneur en provenance de \ud83c\uddea\ud83c\udde8 \u00c9quateur est maintenant en transit. Rejoignez la liste d\u2019attente et les notifications d\u2019arriv\u00e9e par SMS et WhatsApp ci-dessous \ud83d\udc47<\/strong><\/span><\/div><\/div><\/div><\/div><\/div><\/span><\/span><\/p>","protected":false},"featured_media":38416,"template":"","meta":{"iawp_total_views":10270},"product_brand":[],"product_cat":[21,22],"product_tag":[23,24],"class_list":{"0":"post-75","1":"product","2":"type-product","3":"status-publish","4":"has-post-thumbnail","6":"product_cat-fresh-plantains","7":"product_cat-green-plantains","8":"product_tag-fresh-plantain","9":"product_tag-green-plantain","10":"wcpa_has_options","12":"first","13":"outofstock","14":"sale","15":"sold-individually","16":"taxable","17":"shipping-taxable","18":"purchasable","19":"product-type-simple"},"wcpa_form_fields":{"wcpaData":{"product":{"product_price":15400,"price_html":"<del aria-hidden=\"true\"><span class=\"woocommerce-Price-amount amount\"><bdi><span class=\"woocommerce-Price-currencySymbol\">&yen;<\/span>16,400<\/bdi><\/span><\/del> <span class=\"screen-reader-text\">Le prix initial \u00e9tait\u00a0: &yen;16,400.<\/span><ins aria-hidden=\"true\"><span class=\"woocommerce-Price-amount amount\"><bdi><span class=\"woocommerce-Price-currencySymbol\">&yen;<\/span>15,400<\/bdi><\/span><\/ins><span class=\"screen-reader-text\">Le prix actuel est\u00a0: &yen;15,400.<\/span>","original_product_price":16400,"price_including_tax":15400,"price_excluding_tax":14259.259259,"product_id":{"parent":75,"variation":false},"is_variable":false,"stock_status":"outofstock","stock_quantity":null,"parent_sku":"green22-ecu","product_attributes":[],"custom_fields":[],"is_taxable":true,"product_name":"Green Plantain 22 kilos (Ecuador)","hasImage":false},"fields":{"sec_865680f484d0c9":{"extra":{"key":"sec_865680f484d0c9","section_id":"sec_865680f484d0c9","name":"Default","status":1,"cl_rule":"show","enableCl":false,"relations":[],"toggle":true,"title_tag":"h3","show_title":false,"showPrice":"default","form_id":12610,"form_rules":{"exclude_from_discount":false,"fee_label":"Fee","disp_hide_options_price":false,"disp_show_section_price":false,"disp_show_field_price":true,"layout_option":"standard","pric_use_as_fee":false,"process_fee_as":"woo_fee"},"layout_option":"standard"},"fields":[[{"type":"header","subtype":"h3","label":"Please select delivery day & delivery time","elementId":"wcpa-header-1595837693155","cl_rule":"show","col":6,"relations":false,"active":true,"tooltip":"","gt_translate_keys":["label","tooltip"],"price_dependency":false,"cl_dependency":false,"value":""}],[{"type":"radio-group","required":true,"elementId":"wcpa-radio-group-5eddd639b5f29","label":"Delivery Day","priceOptions":"different_for_all","pricingType":"fixed","name":"radio-group-5eddd639b5f32","other_text":"Other","cl_rule":"show","col":6,"values":[{"label":"March 11","value":"March 11","selected":false,"tempId":"aco_146","gt_translate_keys":["label"]},{"label":"March 12","value":"March 12","selected":false,"tempId":"aco_91","gt_translate_keys":["label"]}],"relations":false,"active":true,"tooltip":"","layOut":"","checkUi":"","error":false,"isWeightTemplate":false,"isTemplate":false,"min_quantity":"1","quantity_decimal":false,"quantity_step":"1","quantity_label":"Quantity","repeater_field_label":"{field_label}","repeater_bind":"","gt_translate_keys":["label","tooltip","repeater_field_label","quantity_label"],"price_dependency":false,"cl_dependency":false,"value":""}],[{"type":"select","required":true,"elementId":"wcpa-select-1595834267597","label":"Delivery time","priceOptions":"different_for_all","pricingType":"fixed","className":"form-control","name":"select-1595834267597","cl_rule":"show","col":6,"values":[{"label":"08.00-12.00","value":"08.00-12.00","price":"","pimage":"","pimage_id":"","pthumb":"","tempId":"aco_82","gt_translate_keys":["label"]},{"label":"14.00-16.00","value":"14.00-16.00","price":"","pimage":"","pimage_id":"","pthumb":"","tempId":"aco_84","gt_translate_keys":["label"]},{"label":"16.00-18.00","value":"16.00-18.00","price":"","pimage":"","pimage_id":"","pthumb":"","tempId":"aco_85","gt_translate_keys":["label"]},{"label":"18.00-20.00","value":"18.00-20.00","price":"","pimage":"","pimage_id":"","pthumb":"","tempId":"aco_86","gt_translate_keys":["label"]},{"label":"19.00-21.00","value":"19.00-21.00","price":"","pimage":"","pimage_id":"","pthumb":"","tempId":"aco_87","gt_translate_keys":["label"]}],"relations":false,"active":true,"tooltip":"","error":false,"dropdown_type":"basic","isWeightTemplate":false,"isTemplate":false,"min_quantity":"1","quantity_decimal":false,"quantity_step":"1","quantity_label":"Quantity","repeater_field_label":"{field_label}","repeater_bind":"","gt_translate_keys":["label","tooltip","repeater_field_label","quantity_label"],"price_dependency":false,"cl_dependency":false,"value":""}]]}},"config":{"price_override":"","enable_recaptcha":false,"bind_quantity":false,"quantity_bind_formula":false,"disp_summ_show_option_price":true,"disp_summ_show_product_price":true,"disp_summ_show_total_price":true,"disp_summ_show_fee":false,"disp_summ_show_discount":false,"summary_title":"","options_total_label":"Options Price","total_label":"Total","options_product_label":"Product Price","fee_label":"Fee","discount_label":"Discount","has_price":true,"has_quantity_formula":false},"mc_unit":1,"tax_rate":1,"tax_rate_real":0.08,"discount":{"percentage":0,"fixed":0},"design":{"conf":{"LabelPosition":"above","DescPosition":"above","UploadField":"custom_1","QuantityFieldStyle":"default"},"css":{"LeftLabelWidth":"120px"}},"formulas":[],"lookuptables":[],"clones":false,"cartKey":false}},"_links":{"self":[{"href":"https:\/\/platanosjapon.com\/fr\/wp-json\/wp\/v2\/product\/75","targetHints":{"allow":["GET"]}}],"collection":[{"href":"https:\/\/platanosjapon.com\/fr\/wp-json\/wp\/v2\/product"}],"about":[{"href":"https:\/\/platanosjapon.com\/fr\/wp-json\/wp\/v2\/types\/product"}],"wp:featuredmedia":[{"embeddable":true,"href":"https:\/\/platanosjapon.com\/fr\/wp-json\/wp\/v2\/media\/38416"}],"wp:attachment":[{"href":"https:\/\/platanosjapon.com\/fr\/wp-json\/wp\/v2\/media?parent=75"}],"wp:term":[{"taxonomy":"product_brand","embeddable":true,"href":"https:\/\/platanosjapon.com\/fr\/wp-json\/wp\/v2\/product_brand?post=75"},{"taxonomy":"product_cat","embeddable":true,"href":"https:\/\/platanosjapon.com\/fr\/wp-json\/wp\/v2\/product_cat?post=75"},{"taxonomy":"product_tag","embeddable":true,"href":"https:\/\/platanosjapon.com\/fr\/wp-json\/wp\/v2\/product_tag?post=75"}],"curies":[{"name":"wp","href":"https:\/\/api.w.org\/{rel}","templated":true}]}}