{"id":81,"date":"2023-08-09T23:06:43","date_gmt":"2023-08-09T14:06:43","guid":{"rendered":"https:\/\/platanosjapon.com\/?post_type=product&#038;p=81"},"modified":"2026-03-03T14:32:17","modified_gmt":"2026-03-03T05:32:17","slug":"ripe-plantain-10-kilos","status":"publish","type":"product","link":"https:\/\/platanosjapon.com\/fr\/product\/ripe-plantain-10-kilos\/","title":{"rendered":"Banane M\u00fbr 10 kilos"},"content":{"rendered":"<div><span style=\"color: #ff0000; background-color: #ffff00;\">Remarques importantes sur le produit:<\/span><\/div>\n<div><span style=\"color: #000000;\">1. Le calibre des fruits et le nombre d'unit\u00e9s pr\u00e9sentent des variations saisonni\u00e8res.<\/span><\/div>\n<div><span style=\"color: #000000;\">2. Chaque bo\u00eete est exp\u00e9di\u00e9e sur la base du poids uniquement.<\/span><\/div>\n<div><span style=\"color: #000000;\">3. Consommer les plantains m\u00fbrs dans les 5 jours suivant le jour de livraison affich\u00e9.<\/span><\/div>\n<div><span style=\"color: #000000;\">4. Entre mai et septembre, en raison des conditions chaudes et humides, les unit\u00e9s m\u00fbres m\u00fbriront plus rapidement que d'habitude.\u00a0<\/span><\/div>\n<div><span style=\"color: #000000;\">5. Entre octobre et avril, en raison des conditions de froid, les plantains semi-m\u00fbrs auront besoin d'un temps suppl\u00e9mentaire pour achever leur maturation.<\/span><\/div>\n<div><span style=\"color: #000000;\">6. En achetant et en \u00e9tant sur notre liste de clients, vous pouvez rester inform\u00e9 des derniers arrivages et de la disponibilit\u00e9 des produits tout au long de l'ann\u00e9e.<\/span><\/div>\n<div><\/div>\n<div><span style=\"background-color: #ffff00;\"><span style=\"color: #ff0000;\">Remarques importantes sur le produit:<\/span><\/span><\/div>\n<div><span style=\"color: #000000;\">1. Le d\u00e9part de la bo\u00eete de l'entrep\u00f4t est pr\u00e9vu un jour avant le jour de livraison affich\u00e9.\u00a0<\/span><\/div>\n<div><span style=\"color: #ff0000;\">2. Important : Des retards de livraison peuvent se produire. Les mises \u00e0 jour seront fournies par SMS uniquement<\/span><\/div>\n<div><span style=\"color: #000000;\">3. Les r\u00e9gions suivantes n\u00e9cessitent un jour suppl\u00e9mentaire pour la livraison:\u00a0<\/span><\/div>\n<div><span style=\"color: #000000;\">Hokkaido, Aomori, Akita, Gifu, Hyogo, Wakayama, Tottori, Shimane, Okayama, Hiroshima, Yamaguchi, Tokushima, Kagawa, Ehime, Kochi, Fukuoka, Saga, Nagasaki, Kumamoto, Oita, Miyazaki, Kagoshima.<\/span><\/div>\n<div><span style=\"color: #ff0000;\">4. Ne peut pas livrer aux bases militaires am\u00e9ricaines ou aux installations contr\u00f4l\u00e9es.<\/span><\/div>\n<div><\/div>\n<div><span style=\"color: #ffffff; background-color: #ed1c24;\"><strong>Politique en mati\u00e8re de r\u00e9clamations:<\/strong><\/span><br \/>\n<span style=\"color: #000000;\">Veuillez vous r\u00e9f\u00e9rer \u00e0 la section  de la page Conditions g\u00e9n\u00e9rales: <a href=\"https:\/\/platanosjapon.com\/fr\/termes-et-conditions\/\"><span style=\"color: #ff0000;\"><strong>Termes et Conditions<\/strong><\/span><\/a><\/span><\/div>","protected":false},"excerpt":{"rendered":"<div class=\"product-short-description\">\n<p><span style=\"color: #ff0000; background-color: #ffff00;\"><strong>\u231b<span style=\"color: #ff0000;\">**Ceci est une pr\u00e9commande : La date de livraison peut changer**<\/span><\/strong><\/span><\/p>\n<div class=\"product-short-description\"><span style=\"color: #000000;\"><strong>Origine: <\/strong><\/span>\ud83c\uddea\ud83c\udde8 <span style=\"color: #000000;\">\u00c9quateur<\/span><br \/>\n<span style=\"color: #000000;\"><strong>Couleur:<\/strong> Livr\u00e9 m\u00fbr ou semi-m\u00fbr<\/span><br \/>\n<span style=\"color: #000000;\"><strong>Total:<\/strong> 2 bo\u00eetes de 5 kilos = 10 kilos (y compris les bo\u00eetes)<\/span><br \/>\n<span style=\"color: #000000;\"><strong>Dur\u00e9e de vie: <span style=\"background-color: #ffff00; color: #ff0000;\">\u00c0 consommer dans les 3-6 jours suivant le jour de livraison affich\u00e9<\/span><\/strong><\/span><br \/>\n<span style=\"color: #000000;\">\u26a0\ufe0f La livraison est sujette \u00e0 modification en fonction des r\u00e9sultats de maturation<\/span><br \/>\n<span style=\"color: #000000;\">\u26a1 Mises \u00e0 jour fournies uniquement par message SMS <\/span><br \/>\n<span style=\"color: #000000;\">\ud83d\udce3 La disponibilit\u00e9 et les prix sont susceptibles de changer sans pr\u00e9avis<\/span><br \/>\n<span style=\"color: #000000; background-color: #ffffff;\"><span style=\"color: #ff0000;\"><span style=\"color: #000000;\"><strong><span style=\"background-color: #ffff00;\"><span style=\"background-color: #ffffff;\"><a style=\"color: #000000;\" href=\"https:\/\/platanosjapon.com\/fr\/frequently-asked-questions-faq\/\">\u26a0\ufe0f Foire aux questions \u2192 ici<\/a><a style=\"color: #000000;\" href=\"https:\/\/platanosjapon.com\/fr\/termes-et-conditions\/\"><br \/>\n\u26a0\ufe0f Conditions g\u00e9n\u00e9rales \u2192 ici<\/a><\/span><\/span><span style=\"color: #0000ff; background-color: #ffff00;\"><span style=\"background-color: #ffffff;\"><br \/>\n<\/span><\/span><\/strong><\/span><\/span><\/span><span style=\"color: #ff0000;\"><br \/>\n<span style=\"color: #000000;\"><strong><a href=\"https:\/\/platanosjapon.com\/fr\/whatsapp-shop\/\"><a href=\"https:\/\/platanosjapon.com\/fr\/whatsapp-shop\/\" class=\"button primary is-primary is-medium lowercase btn-whatsapp\" >\n\t<i class=\"icon-whatsapp\" aria-hidden=\"true\"><\/i>\t<span>Commandes WhatsApp ici!<\/span>\n\t<\/a>\n<\/a><br \/>\n<span style=\"color: #ff0000; background-color: #ffff00;\">Livraison \u00e0 Okinawa : de novembre \u00e0 mars uniquement<\/span><\/strong><\/span><br \/>\n<strong><span style=\"color: #ff0000; background-color: #ffff00;\">Livraison indisponible vers les bases ou installations am\u00e9ricaines<\/span><\/strong><br \/>\n<div id=\"mtphr-dnt-28703\" class=\"mtphr-dnt mtphr-dnt-28703 mtphr-dnt-default mtphr-dnt-scroll mtphr-dnt-scroll-left\"><div class=\"mtphr-dnt-wrapper mtphr-dnt-clearfix\"><div class=\"mtphr-dnt-tick-container\"><div class=\"mtphr-dnt-tick-contents\"><div class=\"mtphr-dnt-tick mtphr-dnt-default-tick mtphr-dnt-clearfix\"><span style=\"color: #800000\"><strong>\ud83d\udea2 Un nouveau conteneur en provenance de \ud83c\uddea\ud83c\udde8 \u00c9quateur est maintenant en transit. Rejoignez la liste d\u2019attente et les notifications d\u2019arriv\u00e9e par SMS et WhatsApp ci-dessous \ud83d\udc47<\/strong><\/span><\/div><\/div><\/div><\/div><\/div><\/span><\/div>\n<\/div>","protected":false},"featured_media":36571,"template":"","meta":{"iawp_total_views":6170},"product_brand":[],"product_cat":[21,27],"product_tag":[23,28],"class_list":{"0":"post-81","1":"product","2":"type-product","3":"status-publish","4":"has-post-thumbnail","6":"product_cat-fresh-plantains","7":"product_cat-ripe-plantains","8":"product_tag-fresh-plantain","9":"product_tag-ripe-plantain","10":"wcpa_has_options","12":"first","13":"outofstock","14":"sold-individually","15":"taxable","16":"shipping-taxable","17":"purchasable","18":"product-type-simple"},"wcpa_form_fields":{"wcpaData":{"product":{"product_price":14400,"price_html":"<span class=\"woocommerce-Price-amount amount\"><bdi><span class=\"woocommerce-Price-currencySymbol\">&yen;<\/span>14,400<\/bdi><\/span>","original_product_price":14400,"price_including_tax":14400,"price_excluding_tax":13333.333333,"product_id":{"parent":81,"variation":false},"is_variable":false,"stock_status":"outofstock","stock_quantity":null,"parent_sku":"ripe10-ecu","product_attributes":[],"custom_fields":[],"is_taxable":true,"product_name":"Ripe Plantain 10 kilos","hasImage":false},"fields":{"sec_867813a868c8d9":{"extra":{"key":"sec_867813a868c8d9","section_id":"sec_867813a868c8d9","name":"Default","status":1,"cl_rule":"show","enableCl":false,"relations":[],"toggle":true,"title_tag":"h3","show_title":false,"showPrice":"default","form_id":12609,"form_rules":{"exclude_from_discount":false,"fee_label":"Fee","disp_hide_options_price":false,"disp_show_section_price":false,"disp_show_field_price":true,"layout_option":"standard","pric_use_as_fee":false,"process_fee_as":"woo_fee"},"layout_option":"standard"},"fields":[[{"type":"header","subtype":"h3","label":"Delivery day? Delivery time?","elementId":"wcpa-header-1595837744006","cl_rule":"show","col":6,"relations":false,"active":true,"tooltip":"","gt_translate_keys":["label","tooltip"],"price_dependency":false,"cl_dependency":false,"value":""}],[{"type":"radio-group","required":true,"elementId":"wcpa-radio-group-1674600022125","label":"Delivery Day","priceOptions":"different_for_all","pricingType":"fixed","name":"radio-group-1674600022123","other_text":"Other","cl_rule":"show","col":6,"values":[{"label":"March 6","value":"March 6","selected":false,"tempId":"aco_28","gt_translate_keys":["label"]}],"relations":false,"active":true,"tooltip":"","layOut":"","checkUi":"","error":false,"isWeightTemplate":false,"isTemplate":false,"min_quantity":"1","quantity_decimal":false,"quantity_step":"1","quantity_label":"Quantity","repeater_field_label":"{field_label}","repeater_bind":"","gt_translate_keys":["label","tooltip","repeater_field_label","quantity_label"],"price_dependency":false,"cl_dependency":false,"value":""}],[{"type":"select","required":true,"elementId":"wcpa-select-1595836374509","label":"Delivery time","priceOptions":"different_for_all","pricingType":"fixed","className":"form-control","name":"select-1595836374508","cl_rule":"show","col":6,"values":[{"label":"08.00-12.00","value":"08.00-12.00","price":"","pimage":"","pimage_id":"","pthumb":"","tempId":"aco_131","gt_translate_keys":["label"]},{"label":"14.00-16.00","value":"14.00-16.00","price":"","pimage":"","pimage_id":"","pthumb":"","tempId":"aco_133","gt_translate_keys":["label"]},{"label":"16.00-18.00","value":"16.00-18.00","price":"","pimage":"","pimage_id":"","pthumb":"","tempId":"aco_134","gt_translate_keys":["label"]},{"label":"18.00-20.00","value":"18.00-20.00","price":"","pimage":"","pimage_id":"","pthumb":"","tempId":"aco_135","gt_translate_keys":["label"]},{"label":"19.00-21.00","value":"19.00-21.00","price":"","pimage":"","pimage_id":"","pthumb":"","tempId":"aco_136","gt_translate_keys":["label"]}],"relations":false,"active":true,"tooltip":"","dropdown_type":"basic","error":false,"isWeightTemplate":false,"isTemplate":false,"min_quantity":"1","quantity_decimal":false,"quantity_step":"1","quantity_label":"Quantity","repeater_field_label":"{field_label}","repeater_bind":"","gt_translate_keys":["label","tooltip","repeater_field_label","quantity_label"],"price_dependency":false,"cl_dependency":false,"value":""}]]}},"config":{"price_override":"","enable_recaptcha":false,"bind_quantity":false,"quantity_bind_formula":false,"disp_summ_show_option_price":true,"disp_summ_show_product_price":true,"disp_summ_show_total_price":true,"disp_summ_show_fee":false,"disp_summ_show_discount":false,"summary_title":"","options_total_label":"Options Price","total_label":"Total","options_product_label":"Product Price","fee_label":"Fee","discount_label":"Discount","has_price":true,"has_quantity_formula":false},"mc_unit":1,"tax_rate":1,"tax_rate_real":0.08,"discount":{"percentage":0,"fixed":0},"design":{"conf":{"LabelPosition":"above","DescPosition":"above","UploadField":"custom_1","QuantityFieldStyle":"default"},"css":{"LeftLabelWidth":"120px"}},"formulas":[],"lookuptables":[],"clones":false,"cartKey":false}},"_links":{"self":[{"href":"https:\/\/platanosjapon.com\/fr\/wp-json\/wp\/v2\/product\/81","targetHints":{"allow":["GET"]}}],"collection":[{"href":"https:\/\/platanosjapon.com\/fr\/wp-json\/wp\/v2\/product"}],"about":[{"href":"https:\/\/platanosjapon.com\/fr\/wp-json\/wp\/v2\/types\/product"}],"wp:featuredmedia":[{"embeddable":true,"href":"https:\/\/platanosjapon.com\/fr\/wp-json\/wp\/v2\/media\/36571"}],"wp:attachment":[{"href":"https:\/\/platanosjapon.com\/fr\/wp-json\/wp\/v2\/media?parent=81"}],"wp:term":[{"taxonomy":"product_brand","embeddable":true,"href":"https:\/\/platanosjapon.com\/fr\/wp-json\/wp\/v2\/product_brand?post=81"},{"taxonomy":"product_cat","embeddable":true,"href":"https:\/\/platanosjapon.com\/fr\/wp-json\/wp\/v2\/product_cat?post=81"},{"taxonomy":"product_tag","embeddable":true,"href":"https:\/\/platanosjapon.com\/fr\/wp-json\/wp\/v2\/product_tag?post=81"}],"curies":[{"name":"wp","href":"https:\/\/api.w.org\/{rel}","templated":true}]}}