{"id":31713,"date":"2023-08-09T22:06:56","date_gmt":"2023-08-09T13:06:56","guid":{"rendered":"https:\/\/platanosjapon.com\/?post_type=product&#038;p=31713"},"modified":"2026-04-19T15:18:42","modified_gmt":"2026-04-19T06:18:42","slug":"ripe-plantain-5-kilos","status":"publish","type":"product","link":"https:\/\/platanosjapon.com\/pt\/product\/ripe-plantain-5-kilos\/","title":{"rendered":"Ripe Plantain 5 kilos (Ecuador)"},"content":{"rendered":"<div><span style=\"color: #ff0000; background-color: #ffff00;\">Notas importantes sobre produtos:<\/span><\/div>\n<div><span style=\"color: #000000;\">1. O tamanho da fruta e o n\u00famero da unidade t\u00eam varia\u00e7\u00e3o sazonal.<\/span><\/div>\n<div><span style=\"color: #000000;\">2. Cada caixa \u00e9 despachada com base apenas no peso.<\/span><\/div>\n<div><span style=\"color: #000000;\">3. Consumir bananeiras maduras dentro de 5 dias ap\u00f3s o dia de entrega indicado.<\/span><\/div>\n<div><span style=\"color: #000000;\">4. Entre maio e setembro, devido \u00e0s condi\u00e7\u00f5es quentes e \u00famidas, as unidades maduras amadurecer\u00e3o mais r\u00e1pido do que o normal.\u00a0<\/span><\/div>\n<div><span style=\"color: #000000;\">5. Entre outubro e abril, devido \u00e0s condi\u00e7\u00f5es de frio, os pl\u00e1tanos semi-maduros exigir\u00e3o um tempo extra para completar a matura\u00e7\u00e3o.<\/span><\/div>\n<div><span style=\"color: #000000;\">6. Ao comprar e estar em nossa lista de clientes, voc\u00ea pode se manter atualizado com as \u00faltimas novidades e disponibilidade de produtos ao longo do ano.<\/span><\/div>\n<div><\/div>\n<div><span style=\"background-color: #ffff00;\"><span style=\"color: #ff0000;\">Notas importantes sobre produtos:<\/span><\/span><\/div>\n<div><span style=\"color: #000000;\">1. A caixa est\u00e1 programada para sair do dep\u00f3sito um dia antes do dia de entrega exibido.\u00a0<\/span><\/div>\n<div><span style=\"color: #ff0000;\">2. Importante: Podem ocorrer atrasos na entrega. As atualiza\u00e7\u00f5es ser\u00e3o fornecidas apenas por mensagem de texto SMS<\/span><\/div>\n<div><span style=\"color: #000000;\">3. As seguintes regi\u00f5es exigem um dia adicional para a entrega:\u00a0<\/span><\/div>\n<div><span style=\"color: #000000;\">Hokkaido, Aomori, Akita, Gifu, Hyogo, Wakayama, Tottori, Shimane, Okayama, Hiroshima, Yamaguchi, Tokushima, Kagawa, Ehime, Kochi, Fukuoka, Saga, Nagasaki, Kumamoto, Oita, Miyazaki, Kagoshima.<\/span><\/div>\n<div><span style=\"color: #ff0000;\">4. N\u00e3o pode ser entregue a bases militares ou instala\u00e7\u00f5es controladas dos US.<\/span><\/div>\n<div><\/div>\n<div><span style=\"color: #ffffff; background-color: #ed1c24;\"><strong>Pol\u00edtica de reclama\u00e7\u00f5es:<\/strong><\/span><br \/>\n<span style=\"color: #000000;\">Consulte a se\u00e7\u00e3o  na p\u00e1gina Termos e Condi\u00e7\u00f5es: <a href=\"https:\/\/platanosjapon.com\/pt\/termos-e-condicoes\/\"><span style=\"color: #ff0000;\"><strong>Termos e Condi\u00e7\u00f5es<\/strong><\/span><\/a><\/span><\/div>","protected":false},"excerpt":{"rendered":"<div class=\"product-short-description\">\n<p><span style=\"color: #ff0000; background-color: #ffff00;\"><strong>\u231b<span style=\"color: #ff0000;\">**Esta \u00e9 uma pr\u00e9-venda: A data de entrega pode mudar**<\/span><\/strong><\/span><\/p>\n<div class=\"product-short-description\"><span style=\"color: #000000;\"><strong>Origem: <\/strong><\/span>\ud83c\uddea\ud83c\udde8 <span style=\"color: #000000;\">Equador<\/span><br \/>\n<span style=\"color: #000000;\"><strong>Cor:<\/strong> Entregue maduro ou semi-maduro<\/span><br \/>\n<span style=\"color: #000000;\"><strong>Peso:<\/strong> 5 kilos (incluindo a caixa)<\/span><br \/>\n<span style=\"color: #000000;\"><strong>Validade: <span style=\"background-color: #ffff00; color: #ff0000;\">Consumir no prazo de 3-6 dias ap\u00f3s a data de entrega exibida<\/span><\/strong><\/span><br \/>\n<span style=\"color: #000000;\">\u26a0\ufe0f A entrega est\u00e1 sujeita a altera\u00e7\u00f5es dependendo dos resultados de<\/span><br \/>\n<span style=\"color: #000000;\">\u26a1 Atualiza\u00e7\u00f5es fornecidas apenas por mensagem de texto SMS <\/span><br \/>\n<span style=\"color: #000000;\">\ud83d\udce3 Disponibilidade e pre\u00e7os sujeitos a altera\u00e7\u00f5es sem aviso pr\u00e9vio<\/span><br \/>\n<span style=\"color: #000000; background-color: #ffffff;\"><span style=\"color: #ff0000;\"><span style=\"color: #000000;\"><strong><span style=\"background-color: #ffff00;\"><span style=\"background-color: #ffffff;\"><a style=\"color: #000000;\" href=\"https:\/\/platanosjapon.com\/pt\/frequently-asked-questions-faq\/\">\u26a0\ufe0f Perguntas frequentes \u2192 aqui<\/a><a style=\"color: #000000;\" href=\"https:\/\/platanosjapon.com\/pt\/termos-e-condicoes\/\"><br \/>\n\u26a0\ufe0f Termos e condi\u00e7\u00f5es \u2192 aqui<\/a><\/span><\/span><span style=\"color: #0000ff; background-color: #ffff00;\"><span style=\"background-color: #ffffff;\"><br \/>\n<\/span><\/span><\/strong><\/span><\/span><\/span><span style=\"color: #ff0000;\"><br \/>\n<span style=\"color: #000000;\"><strong><a href=\"https:\/\/platanosjapon.com\/pt\/whatsapp-shop\/\"><a href=\"https:\/\/platanosjapon.com\/pt\/whatsapp-shop\/\" class=\"button primary is-primary is-medium lowercase btn-whatsapp\" >\n\t<i class=\"icon-whatsapp\" aria-hidden=\"true\"><\/i>\t<span>\u00a1Pedidos WhatsApp Aqu\u00ed!<\/span>\n\t<\/a>\n<\/a><br \/>\n<span style=\"color: #ff0000; background-color: #ffff00;\">Entrega em Okinawa: apenas de novembro a mar\u00e7o<\/span><\/strong><\/span><br \/>\n<strong><span style=\"color: #ff0000; background-color: #ffff00;\">N\u00e3o entregamos para bases ou instala\u00e7\u00f5es dos EUA<\/span><\/strong><br \/>\n<div id=\"mtphr-dnt-28703\" class=\"mtphr-dnt mtphr-dnt-28703 mtphr-dnt-default mtphr-dnt-scroll mtphr-dnt-scroll-left\"><div class=\"mtphr-dnt-wrapper mtphr-dnt-clearfix\"><div class=\"mtphr-dnt-tick-container\"><div class=\"mtphr-dnt-tick-contents\"><div class=\"mtphr-dnt-tick mtphr-dnt-default-tick mtphr-dnt-clearfix\"><strong><span style=\"color: #ff0000\">\ud83d\udea2 Novo cont\u00eainer do \ud83c\uddea\ud83c\udde8 Equador j\u00e1 est\u00e1 em tr\u00e2nsito. Participe da lista de espera e das notifica\u00e7\u00f5es de chegada por SMS e WhatsApp abaixo \ud83d\udc47<\/span><\/strong><\/div><\/div><\/div><\/div><\/div><\/span><\/div>\n<\/div>","protected":false},"featured_media":38341,"template":"","meta":{"iawp_total_views":6473},"product_brand":[],"product_cat":[21,27],"product_tag":[23,28],"class_list":{"0":"post-31713","1":"product","2":"type-product","3":"status-publish","4":"has-post-thumbnail","6":"product_cat-fresh-plantains","7":"product_cat-ripe-plantains","8":"product_tag-fresh-plantain","9":"product_tag-ripe-plantain","11":"first","12":"outofstock","13":"sold-individually","14":"taxable","15":"shipping-taxable","16":"purchasable","17":"product-type-simple"},"wcpa_form_fields":null,"_links":{"self":[{"href":"https:\/\/platanosjapon.com\/pt\/wp-json\/wp\/v2\/product\/31713","targetHints":{"allow":["GET"]}}],"collection":[{"href":"https:\/\/platanosjapon.com\/pt\/wp-json\/wp\/v2\/product"}],"about":[{"href":"https:\/\/platanosjapon.com\/pt\/wp-json\/wp\/v2\/types\/product"}],"wp:featuredmedia":[{"embeddable":true,"href":"https:\/\/platanosjapon.com\/pt\/wp-json\/wp\/v2\/media\/38341"}],"wp:attachment":[{"href":"https:\/\/platanosjapon.com\/pt\/wp-json\/wp\/v2\/media?parent=31713"}],"wp:term":[{"taxonomy":"product_brand","embeddable":true,"href":"https:\/\/platanosjapon.com\/pt\/wp-json\/wp\/v2\/product_brand?post=31713"},{"taxonomy":"product_cat","embeddable":true,"href":"https:\/\/platanosjapon.com\/pt\/wp-json\/wp\/v2\/product_cat?post=31713"},{"taxonomy":"product_tag","embeddable":true,"href":"https:\/\/platanosjapon.com\/pt\/wp-json\/wp\/v2\/product_tag?post=31713"}],"curies":[{"name":"wp","href":"https:\/\/api.w.org\/{rel}","templated":true}]}}